{"id":555,"date":"2022-10-22T14:07:55","date_gmt":"2022-10-22T12:07:55","guid":{"rendered":"https:\/\/solar-tirol.ba\/references\/"},"modified":"2026-01-14T23:03:16","modified_gmt":"2026-01-14T21:03:16","slug":"references","status":"publish","type":"page","link":"https:\/\/solar-tirol.ba\/en\/references\/","title":{"rendered":"References"},"content":{"rendered":"<p><div class=\"fusion-fullwidth fullwidth-box fusion-builder-row-1 fusion-flex-container has-pattern-background has-mask-background nonhundred-percent-fullwidth non-hundred-percent-height-scrolling\" style=\"--awb-border-radius-top-left:0px;--awb-border-radius-top-right:0px;--awb-border-radius-bottom-right:0px;--awb-border-radius-bottom-left:0px;--awb-flex-wrap:wrap;\" ><div class=\"fusion-builder-row fusion-row fusion-flex-align-items-flex-start fusion-flex-content-wrap\" style=\"max-width:1248px;margin-left: calc(-4% \/ 2 );margin-right: calc(-4% \/ 2 );\"><div class=\"fusion-layout-column fusion_builder_column fusion-builder-column-0 fusion_builder_column_1_1 1_1 fusion-flex-column\" style=\"--awb-bg-size:cover;--awb-width-large:100%;--awb-margin-top-large:0px;--awb-spacing-right-large:1.92%;--awb-margin-bottom-large:20px;--awb-spacing-left-large:1.92%;--awb-width-medium:100%;--awb-order-medium:0;--awb-spacing-right-medium:1.92%;--awb-spacing-left-medium:1.92%;--awb-width-small:100%;--awb-order-small:0;--awb-spacing-right-small:1.92%;--awb-spacing-left-small:1.92%;\"><div class=\"fusion-column-wrapper fusion-column-has-shadow fusion-flex-justify-content-flex-start fusion-content-layout-column\"><div class=\"fusion-separator fusion-full-width-sep\" style=\"align-self: center;margin-left: auto;margin-right: auto;margin-top:30px;margin-bottom:30px;width:100%;\"><\/div><\/div><\/div><\/div><\/div>\n<div class=\"fusion-fullwidth fullwidth-box fusion-builder-row-2 fusion-flex-container has-pattern-background has-mask-background nonhundred-percent-fullwidth non-hundred-percent-height-scrolling\" style=\"--awb-border-radius-top-left:0px;--awb-border-radius-top-right:0px;--awb-border-radius-bottom-right:0px;--awb-border-radius-bottom-left:0px;--awb-flex-wrap:wrap;\" ><div class=\"fusion-builder-row fusion-row fusion-flex-align-items-flex-start fusion-flex-content-wrap\" style=\"max-width:1248px;margin-left: calc(-4% \/ 2 );margin-right: calc(-4% \/ 2 );\"><div class=\"fusion-layout-column fusion_builder_column fusion-builder-column-1 fusion_builder_column_1_1 1_1 fusion-flex-column\" style=\"--awb-bg-size:cover;--awb-width-large:100%;--awb-margin-top-large:0px;--awb-spacing-right-large:1.92%;--awb-margin-bottom-large:20px;--awb-spacing-left-large:1.92%;--awb-width-medium:100%;--awb-order-medium:0;--awb-spacing-right-medium:1.92%;--awb-spacing-left-medium:1.92%;--awb-width-small:100%;--awb-order-small:0;--awb-spacing-right-small:1.92%;--awb-spacing-left-small:1.92%;\"><div class=\"fusion-column-wrapper fusion-column-has-shadow fusion-flex-justify-content-flex-start fusion-content-layout-column\"><div class=\"fusion-title title fusion-title-1 fusion-sep-none fusion-title-center fusion-title-text fusion-title-size-three\" style=\"--awb-margin-top-small:10px;--awb-margin-right-small:0px;--awb-margin-bottom-small:10px;--awb-margin-left-small:0px;\"><h3 class=\"fusion-title-heading title-heading-center\" style=\"margin:0;\">Reference list of solar power plant projects<\/h3><\/div><div class=\"fusion-separator fusion-full-width-sep\" style=\"align-self: center;margin-left: auto;margin-right: auto;margin-top:15px;margin-bottom:15px;width:100%;\"><\/div>\n<div class=\"table-1\">\n<table width=\"100%\">\n<thead>\n<tr>\n<th align=\"left\">No.<\/th>\n<th align=\"left\">Facility<\/th>\n<th align=\"left\">Investor<\/th>\n<th align=\"left\">Year<\/th>\n<\/tr>\n<\/thead>\n<tbody>\n<tr>\n<td align=\"left\">1.<\/td>\n<td align=\"left\">Solar power plant 25 kW<\/td>\n<td align=\"left\">Veterinary station Yavin &#8211; Doboj Istok<\/td>\n<td align=\"left\">2021<\/td>\n<\/tr>\n<tr>\n<td align=\"left\">2.<\/td>\n<td align=\"left\">Solar power plant 25 kW<\/td>\n<td align=\"left\">Bakra\u010d Security Biha\u0107<\/td>\n<td align=\"left\">2021<\/td>\n<\/tr>\n<tr>\n<td align=\"left\">3.<\/td>\n<td align=\"left\">Solar power plant 350 kW<\/td>\n<td align=\"left\">Temax BH d.o.o. Ora\u0161je<\/td>\n<td align=\"left\">2022<\/td>\n<\/tr>\n<tr>\n<td align=\"left\">4.<\/td>\n<td align=\"left\">Solar power plant 300 kW<\/td>\n<td align=\"left\">Poly d.o.o. Gra\u010danica<\/td>\n<td align=\"left\">2022<\/td>\n<\/tr>\n<tr>\n<td align=\"left\">5.<\/td>\n<td align=\"left\">Solar power plant 200 kW<\/td>\n<td align=\"left\">Izobit d.o.o. Grada\u010dac<\/td>\n<td align=\"left\">2022<\/td>\n<\/tr>\n<tr>\n<td align=\"left\">6.<\/td>\n<td align=\"left\">Solar power plant 200 kW<\/td>\n<td align=\"left\">Bema Gra\u010danica<\/td>\n<td align=\"left\">2022<\/td>\n<\/tr>\n<tr>\n<td align=\"left\">7.<\/td>\n<td align=\"left\">Solar power plant 250 kW<\/td>\n<td align=\"left\">Amra Gra\u010danica<\/td>\n<td align=\"left\">2022<\/td>\n<\/tr>\n<tr>\n<td align=\"left\">8.<\/td>\n<td align=\"left\">Solar power plant 25 kW<\/td>\n<td align=\"left\">Semi Sem Doboj Istok<\/td>\n<td align=\"left\">2022<\/td>\n<\/tr>\n<tr>\n<td align=\"left\">9.<\/td>\n<td align=\"left\">Solar power plant 25 kW<\/td>\n<td align=\"left\">Grandex Tuzla<\/td>\n<td align=\"left\">2022<\/td>\n<\/tr>\n<tr>\n<td align=\"left\">10.<\/td>\n<td align=\"left\">Solar power plant 110 kW<\/td>\n<td align=\"left\">Tehnograd<\/td>\n<td align=\"left\">2022<\/td>\n<\/tr>\n<tr>\n<td align=\"left\">11.<\/td>\n<td align=\"left\">Solar power plant 550 kW<\/td>\n<td align=\"left\">Phase 2 Temax BH Ora\u0161je<\/td>\n<td align=\"left\">2022<\/td>\n<\/tr>\n<tr>\n<td align=\"left\">12.<\/td>\n<td align=\"left\">Solar power plant 25 kW<\/td>\n<td align=\"left\">BOSNA ORTO d.o.o. <span style=\"font-family: inherit; font-size: inherit;\">GRA\u010cANICA<\/span><\/td>\n<td align=\"left\">2022<\/td>\n<\/tr>\n<tr>\n<td align=\"left\">13.<\/td>\n<td align=\"left\">Solar power plant 50 kW<\/td>\n<td align=\"left\">HOTEL \u201eSAX&#8221; vl.Suada Avdi\u0107<\/td>\n<td align=\"left\">2022<\/td>\n<\/tr>\n<tr>\n<td align=\"left\">14.<\/td>\n<td align=\"left\">Solar power plant 150 kW<\/td>\n<td align=\"left\">Peplast d.o.o. Od\u017eak<\/td>\n<td align=\"left\">2022<\/td>\n<\/tr>\n<tr>\n<td align=\"left\">15.<\/td>\n<td align=\"left\">Solar power plant 150 kW<\/td>\n<td align=\"left\">Peplast d.o.o. Od\u017eak<\/td>\n<td align=\"left\">2022<\/td>\n<\/tr>\n<tr>\n<td align=\"left\">16.<\/td>\n<td align=\"left\">Solar power plant 200 kW<\/td>\n<td align=\"left\">RZG BOSNA METAL d.o.o.<\/td>\n<td align=\"left\">2022<\/td>\n<\/tr>\n<tr>\n<td align=\"left\">17.<\/td>\n<td align=\"left\">Reconstruction and expansion of the existing solar power plant 400kW <span style=\"font-family: inherit; font-size: inherit;\">TR\u017dNI CENTAR 78 FNE 50kW<\/span><\/td>\n<td align=\"left\">YIMOR d.o.o. Domaljevac<\/td>\n<td align=\"left\">2023<\/td>\n<\/tr>\n<tr>\n<td align=\"left\">18.<\/td>\n<td align=\"left\">Reconstruction and expansion of the existing 100kW solar power plant <span style=\"font-family: inherit; font-size: inherit;\">YIMOR TC 61<\/span><\/td>\n<td align=\"left\">YIMOR d.o.o. Domaljevac<\/td>\n<td align=\"left\">2023<\/td>\n<\/tr>\n<tr>\n<td align=\"left\">19.<\/td>\n<td align=\"left\">Reconstruction and expansion of the existing solar power plant <span style=\"font-family: inherit; font-size: inherit;\">MEGA DISKONT 55 FNR 50kW<\/span><\/td>\n<td align=\"left\">YIMOR d.o.o. Domaljevac<\/td>\n<td align=\"left\">2023<\/td>\n<\/tr>\n<tr>\n<td align=\"left\">20.<\/td>\n<td align=\"left\">Solar power plant 150 kW<\/td>\n<td align=\"left\">Phase 2 <span style=\"font-family: inherit; font-size: inherit;\">Peplast d.o.o. Od\u017eak<\/span><\/td>\n<td align=\"left\">2023<\/td>\n<\/tr>\n<tr>\n<td align=\"left\">21.<\/td>\n<td align=\"left\">Solar power plant 400 kW<\/td>\n<td align=\"left\">Phase 3 <span style=\"font-family: inherit; font-size: inherit;\">TEMAX BH d.o.o. Ora\u0161je<\/span><\/td>\n<td align=\"left\">2023<\/td>\n<\/tr>\n<tr>\n<td align=\"left\">22.<\/td>\n<td align=\"left\">Solar power plant 23 kW<\/td>\n<td align=\"left\">Gibi\u0107 Muhamed <span style=\"font-family: inherit; font-size: inherit;\">Gornje Ledenice Grada\u010dac<\/span><\/td>\n<td align=\"left\">2023<\/td>\n<\/tr>\n<tr>\n<td align=\"left\">23.<\/td>\n<td align=\"left\">Solar power plant 10 kW<\/td>\n<td align=\"left\">Damir Me\u0161i\u0107<\/td>\n<td align=\"left\">2023<\/td>\n<\/tr>\n<tr>\n<td align=\"left\">24.<\/td>\n<td align=\"left\">Solar power plant 215 kW<\/td>\n<td align=\"left\">TEHNA d.o.o. Gra\u010danica<\/td>\n<td align=\"left\">2023<\/td>\n<\/tr>\n<tr>\n<td align=\"left\">25.<\/td>\n<td align=\"left\">Procurement and installation of a solar power plant<\/td>\n<td align=\"left\">PARTNER <span style=\"font-family: inherit; font-size: inherit;\">mikrokreditna fondacija<\/span><\/td>\n<td align=\"left\">2023<\/td>\n<\/tr>\n<tr>\n<td align=\"left\">26.<\/td>\n<td align=\"left\">Solar power plant 50 kW<\/td>\n<td align=\"left\">DM FILIJALA 051<\/td>\n<td align=\"left\">2023<\/td>\n<\/tr>\n<tr>\n<td align=\"left\">27.<\/td>\n<td align=\"left\">Solar power plant 50 kW<\/td>\n<td align=\"left\">UNA PROMET d.o.o. CAZIN<\/td>\n<td align=\"left\">2023<\/td>\n<\/tr>\n<tr>\n<td align=\"left\">28.<\/td>\n<td align=\"left\">Solar power plant 270kW\/341kWp \u010cAVKUNOVI\u0106 BP1<\/td>\n<td align=\"left\">\u010cavkunovi\u0107 BP Biha\u0107<\/td>\n<td align=\"left\">2023<\/td>\n<\/tr>\n<tr>\n<td align=\"left\">29.<\/td>\n<td align=\"left\">Solar power plant 270Kw\/336kWp <span style=\"font-family: inherit; font-size: inherit;\">\u010cAVKUNOVI\u0106 BP2<\/span><\/td>\n<td align=\"left\">\u010cavkunovi\u0107 BP Biha\u0107<\/td>\n<td align=\"left\">2023<\/td>\n<\/tr>\n<tr>\n<td align=\"left\">30.<\/td>\n<td align=\"left\">Solar power plant 129 kW<\/td>\n<td align=\"left\">NIPEX d.o.o. Tuzla<\/td>\n<td align=\"left\">2023<\/td>\n<\/tr>\n<tr>\n<td align=\"left\">31.<\/td>\n<td align=\"left\">Solar power plant 75kW\/107,5kWp<\/td>\n<td align=\"left\">I-CRNI d.o.o. CAZIN<\/td>\n<td align=\"left\">2024<\/td>\n<\/tr>\n<tr>\n<td align=\"left\">32.<\/td>\n<td align=\"left\">Solar power plant <span style=\"font-family: inherit; font-size: inherit;\">20kW\/24kWp<\/span><\/td>\n<td align=\"left\">NATURALIS d.o.o. Prozor<\/td>\n<td align=\"left\">2024<\/td>\n<\/tr>\n<tr>\n<td align=\"left\">33.<\/td>\n<td align=\"left\">Solar power plant <span style=\"font-family: inherit; font-size: inherit;\">100kW\/113,5kWp<\/span><\/td>\n<td align=\"left\">Dinoza d.o.o. Ora\u0161je <span style=\"font-family: inherit; font-size: inherit;\">DINOZA 1<\/span><\/td>\n<td align=\"left\">2024<\/td>\n<\/tr>\n<tr>\n<td align=\"left\">34.<\/td>\n<td align=\"left\">Solar power plant <span style=\"font-family: inherit; font-size: inherit;\">550kW\/714kWp<\/span><\/td>\n<td align=\"left\">Dinoza d.o.o. Ora\u0161je <span style=\"font-family: inherit; font-size: inherit;\">DINOZA 2<\/span><\/td>\n<td align=\"left\">2024<\/td>\n<\/tr>\n<tr>\n<td align=\"left\">35.<\/td>\n<td align=\"left\">Solar power plant <span style=\"font-family: inherit; font-size: inherit;\">200kW\/270,6kWp<\/span><\/td>\n<td align=\"left\">IRAS d.o.o. Ora\u0161je<\/td>\n<td align=\"left\">2024<\/td>\n<\/tr>\n<tr>\n<td align=\"left\">36.<\/td>\n<td align=\"left\">Solar power plant <span style=\"font-family: inherit; font-size: inherit;\">50kW\/64,5kWp<\/span><\/td>\n<td align=\"left\">PROCESSING FARM <span style=\"font-family: inherit; font-size: inherit;\">GAGI 1<\/span><\/td>\n<td align=\"left\">2024<\/td>\n<\/tr>\n<tr>\n<td align=\"left\">37.<\/td>\n<td align=\"left\">Solar power plant <span style=\"font-family: inherit; font-size: inherit;\">50kW\/73,5kWp<\/span><\/td>\n<td align=\"left\">KOBENS D.O.O. \u017divinice<\/td>\n<td align=\"left\">2024<\/td>\n<\/tr>\n<tr>\n<td align=\"left\">38.<\/td>\n<td align=\"left\">Solar power plant <span style=\"font-family: inherit; font-size: inherit;\">86kW\/125kWp<\/span><\/td>\n<td align=\"left\">&#8220;TIMING&#8221; d.o.o. za proizvodnju, promet i usluge Tuzla<\/td>\n<td align=\"left\">2024<\/td>\n<\/tr>\n<tr>\n<td align=\"left\">39.<\/td>\n<td align=\"left\">Solar power plant <span style=\"font-family: inherit; font-size: inherit;\">70kW\/91,84kWp<\/span><\/td>\n<td align=\"left\">Vinko Stjepi\u0107 vl., STJEPI\u0106 stolarska radiona<\/td>\n<td align=\"left\">2024<\/td>\n<\/tr>\n<tr>\n<td align=\"left\">40.<\/td>\n<td align=\"left\">Solar power plant <span style=\"font-family: inherit; font-size: inherit;\">23kW\/32kWp<\/span><\/td>\n<td align=\"left\">Bajro Beganovi\u0107<\/td>\n<td align=\"left\">2024<\/td>\n<\/tr>\n<tr>\n<td align=\"left\">41.<\/td>\n<td align=\"left\">Solar power plant <span style=\"font-family: inherit; font-size: inherit;\">20kW\/30,51kWp with batteries 37.9kWh OFF GRID SYSTEM<\/span><\/td>\n<td align=\"left\">POULTRY FARM <span style=\"font-family: inherit; font-size: inherit;\">GAGI 2<\/span><\/td>\n<td align=\"left\">2024<\/td>\n<\/tr>\n<tr>\n<td align=\"left\">42.<\/td>\n<td align=\"left\">Solar power plant <span style=\"font-family: inherit; font-size: inherit;\">23kW\/27,36kWp<\/span><\/td>\n<td align=\"left\">\u010cAVKUNOVI\u0106 BP Biha\u0107<\/td>\n<td align=\"left\">2024<\/td>\n<\/tr>\n<tr>\n<td align=\"left\">43.<\/td>\n<td align=\"left\">Solar power plant <span style=\"font-family: inherit; font-size: inherit;\">23kW\/28,62kWp<\/span><\/td>\n<td align=\"left\">DERBY d.o.o. za proizvodnju, promet i usluge<\/td>\n<td align=\"left\">2024<\/td>\n<\/tr>\n<tr>\n<td align=\"left\">44.<\/td>\n<td align=\"left\">Solar power plant <span style=\"font-family: inherit; font-size: inherit;\">10kW\/13,68kWp<\/span><\/td>\n<td align=\"left\">RAMIZ ARNAUTOVI\u0106<\/td>\n<td align=\"left\">2024<\/td>\n<\/tr>\n<tr>\n<td align=\"left\">45.<\/td>\n<td align=\"left\">Solar power plant <span style=\"font-family: inherit; font-size: inherit;\">630kW\/870,26kWp DINOZA 3<\/span><\/td>\n<td align=\"left\">DINOZA d.o.o. Ora\u0161je<\/td>\n<td align=\"left\">2025<\/td>\n<\/tr>\n<tr>\n<td align=\"left\">46.<\/td>\n<td align=\"left\">Solar power plant <span style=\"font-family: inherit; font-size: inherit;\">20kW\/30kWp battery system off grid 37,9kWh<\/span><\/td>\n<td align=\"left\">DINOZA d.o.o. Ora\u0161je<\/td>\n<td align=\"left\">2025<\/td>\n<\/tr>\n<tr>\n<td align=\"left\">47.<\/td>\n<td align=\"left\">Solar power plant <span style=\"font-family: inherit; font-size: inherit;\">23kW\/22,95kWp (RISEN)<\/span><\/td>\n<td align=\"left\">HOSPITALITY FACILITY RESTAURANT KOVA\u010cEVI\u0106<\/td>\n<td align=\"left\">2025<\/td>\n<\/tr>\n<tr>\n<td align=\"left\">48.<\/td>\n<td align=\"left\">Solar power plant <span style=\"font-family: inherit; font-size: inherit;\">770kW\/976,56kWp<\/span><\/td>\n<td align=\"left\">ANH Capital Investment d.o.o. Biha\u0107<\/td>\n<td align=\"left\">2025<\/td>\n<\/tr>\n<\/tbody>\n<\/table>\n<\/div>\n<\/div><\/div><\/div><\/div><div class=\"fusion-fullwidth fullwidth-box fusion-builder-row-3 fusion-flex-container has-pattern-background has-mask-background nonhundred-percent-fullwidth non-hundred-percent-height-scrolling\" style=\"--awb-border-radius-top-left:0px;--awb-border-radius-top-right:0px;--awb-border-radius-bottom-right:0px;--awb-border-radius-bottom-left:0px;--awb-flex-wrap:wrap;\" ><div class=\"fusion-builder-row fusion-row fusion-flex-align-items-flex-start fusion-flex-content-wrap\" style=\"max-width:1248px;margin-left: calc(-4% \/ 2 );margin-right: calc(-4% \/ 2 );\"><div class=\"fusion-layout-column fusion_builder_column fusion-builder-column-2 fusion_builder_column_1_1 1_1 fusion-flex-column\" style=\"--awb-bg-size:cover;--awb-width-large:100%;--awb-margin-top-large:0px;--awb-spacing-right-large:1.92%;--awb-margin-bottom-large:20px;--awb-spacing-left-large:1.92%;--awb-width-medium:100%;--awb-order-medium:0;--awb-spacing-right-medium:1.92%;--awb-spacing-left-medium:1.92%;--awb-width-small:100%;--awb-order-small:0;--awb-spacing-right-small:1.92%;--awb-spacing-left-small:1.92%;\"><div class=\"fusion-column-wrapper fusion-column-has-shadow fusion-flex-justify-content-flex-start fusion-content-layout-column\"><div class=\"fusion-separator fusion-full-width-sep\" style=\"align-self: center;margin-left: auto;margin-right: auto;margin-top:30px;margin-bottom:30px;width:100%;\"><\/div><\/div><\/div><\/div><\/div>\n<\/p>\n","protected":false},"excerpt":{"rendered":"","protected":false},"author":1,"featured_media":0,"parent":0,"menu_order":0,"comment_status":"closed","ping_status":"closed","template":"100-width.php","meta":{"footnotes":""},"class_list":["post-555","page","type-page","status-publish","hentry"],"_links":{"self":[{"href":"https:\/\/solar-tirol.ba\/en\/wp-json\/wp\/v2\/pages\/555","targetHints":{"allow":["GET"]}}],"collection":[{"href":"https:\/\/solar-tirol.ba\/en\/wp-json\/wp\/v2\/pages"}],"about":[{"href":"https:\/\/solar-tirol.ba\/en\/wp-json\/wp\/v2\/types\/page"}],"author":[{"embeddable":true,"href":"https:\/\/solar-tirol.ba\/en\/wp-json\/wp\/v2\/users\/1"}],"replies":[{"embeddable":true,"href":"https:\/\/solar-tirol.ba\/en\/wp-json\/wp\/v2\/comments?post=555"}],"version-history":[{"count":6,"href":"https:\/\/solar-tirol.ba\/en\/wp-json\/wp\/v2\/pages\/555\/revisions"}],"predecessor-version":[{"id":1131,"href":"https:\/\/solar-tirol.ba\/en\/wp-json\/wp\/v2\/pages\/555\/revisions\/1131"}],"wp:attachment":[{"href":"https:\/\/solar-tirol.ba\/en\/wp-json\/wp\/v2\/media?parent=555"}],"curies":[{"name":"wp","href":"https:\/\/api.w.org\/{rel}","templated":true}]}}